{"id":48,"date":"2017-05-09T23:15:49","date_gmt":"2017-05-09T21:15:49","guid":{"rendered":"http:\/\/nya.ombildningskonsulterna.se\/?page_id=48"},"modified":"2021-03-26T10:07:17","modified_gmt":"2021-03-26T09:07:17","slug":"ombildning-till-bostadsratt","status":"publish","type":"page","link":"https:\/\/ombildningskonsulterna.se\/?page_id=48","title":{"rendered":"Ombildning till bostadsr\u00e4tt"},"content":{"rendered":"<h5><strong>&#8221;De 17 stegen&#8221;<\/strong><\/h5>\n<p>Att genomf\u00f6ra en ombildning \u00e4r en process med m\u00e5nga steg \u2013 b\u00e5de tekniska, ekonomiska och juridiska.<\/p>\n<p>Vi p\u00e5 Ombildningskonsulterna har ett genomarbetat koncept f\u00f6r hur hela processen genomf\u00f6rs och hj\u00e4lper till med alla stegen,\u00a0hela v\u00e4gen. \u00c4ven n\u00e4r det g\u00e4ller behov av kontakt med jurister, ekonomer eller kreditgivare.<br \/>\nVi kallar konceptet &#8221;<strong>De 17 stegen till bostadsr\u00e4tt<\/strong>&#8221;.<\/p>\n<p>Med oss p\u00e5 resan har vi ett omfattande n\u00e4tverk som best\u00e5r av besiktningsspecialister, byggentrepren\u00f6rer, v\u00e4rderare, fastig\u00adhetsm\u00e4klare, Intygsgivare, banker, f\u00f6rs\u00e4kringsr\u00e5dgivare,\u00a0Bolagsverket samt represen\u00adtanter inom ekonomisk f\u00f6rvaltning och fastighetsservice \u00a0m fl.<\/p>\n<p>En ombildning kan initieras av antingen fastighets\u00e4garen, som ber oss unders\u00f6ka intresset i en specifik hyresfastighet eller av hyresg\u00e4sterna, som vill ha ut n\u00e5got mer av sitt boende \u00e4n att bara hyra.<\/p>\n<p>I ombildningsprocessen f\u00f6retr\u00e4der vi dock alltid hyresg\u00e4sterna som vi hj\u00e4lper med alla steg fr\u00e5n det f\u00f6rsta informationsm\u00f6tet hela v\u00e4gen fram till en fungerande och h\u00e5llbar f\u00f6rvaltningsfas efter tilltr\u00e4det. Fastighets\u00e4garen genom sin styrelse har ocks\u00e5 ett ansvar att kontrollera processen f\u00f6r f\u00f6reningens vidkommande, vilket i slut\u00e4nden medf\u00f6r ett extra skydd f\u00f6r bostadsr\u00e4ttshavarna.<\/p>\n<p><strong>Vill du veta mer om ombildningar?<\/strong><br \/>\nBest\u00e4ll v\u00e5r informationsbroschyr &#8221;Ombildning av hyresr\u00e4tt till bostadsr\u00e4tt&#8221; genom att fylla i kontaktformul\u00e4ret under fliken <strong>Kontakt<\/strong>. Eller ring, alla uppgifter finns p\u00e5 kontaktsidan!<br \/>\nBroschyren \u00e4r givetvis kostnadsfri.<\/p>\n<p><strong>\u00c4r du nyfiken p\u00e5 att unders\u00f6ka intresset f\u00f6r<br \/>\n<\/strong><strong>en ombildning i den fastigheten d\u00e4r du bor?<\/strong><\/p>\n<p><strong><a href=\"http:\/\/nya.ombildningskonsulterna.se\/kontakta-oss\/\">Kontakta oss<\/a><\/strong> s\u00e5 ber\u00e4ttar vi mer!<\/p>\n<p>&nbsp;<\/p>\n","protected":false},"excerpt":{"rendered":"<p>&#8221;De 17 stegen&#8221; Att genomf\u00f6ra en ombildning \u00e4r en process med m\u00e5nga steg \u2013 b\u00e5de tekniska, ekonomiska och juridiska. Vi p\u00e5 Ombildningskonsulterna har ett genomarbetat koncept f\u00f6r hur hela processen genomf\u00f6rs och hj\u00e4lper till med alla stegen,\u00a0hela v\u00e4gen. \u00c4ven n\u00e4r det g\u00e4ller behov av kontakt med jurister, ekonomer eller kreditgivare. [&hellip;]<\/p>\n","protected":false},"author":1,"featured_media":175,"parent":0,"menu_order":0,"comment_status":"closed","ping_status":"closed","template":"","meta":{"footnotes":""},"class_list":["post-48","page","type-page","status-publish","has-post-thumbnail","hentry"],"_links":{"self":[{"href":"https:\/\/ombildningskonsulterna.se\/index.php?rest_route=\/wp\/v2\/pages\/48","targetHints":{"allow":["GET"]}}],"collection":[{"href":"https:\/\/ombildningskonsulterna.se\/index.php?rest_route=\/wp\/v2\/pages"}],"about":[{"href":"https:\/\/ombildningskonsulterna.se\/index.php?rest_route=\/wp\/v2\/types\/page"}],"author":[{"embeddable":true,"href":"https:\/\/ombildningskonsulterna.se\/index.php?rest_route=\/wp\/v2\/users\/1"}],"replies":[{"embeddable":true,"href":"https:\/\/ombildningskonsulterna.se\/index.php?rest_route=%2Fwp%2Fv2%2Fcomments&post=48"}],"version-history":[{"count":10,"href":"https:\/\/ombildningskonsulterna.se\/index.php?rest_route=\/wp\/v2\/pages\/48\/revisions"}],"predecessor-version":[{"id":229,"href":"https:\/\/ombildningskonsulterna.se\/index.php?rest_route=\/wp\/v2\/pages\/48\/revisions\/229"}],"wp:featuredmedia":[{"embeddable":true,"href":"https:\/\/ombildningskonsulterna.se\/index.php?rest_route=\/wp\/v2\/media\/175"}],"wp:attachment":[{"href":"https:\/\/ombildningskonsulterna.se\/index.php?rest_route=%2Fwp%2Fv2%2Fmedia&parent=48"}],"curies":[{"name":"wp","href":"https:\/\/api.w.org\/{rel}","templated":true}]}}