{"id":19,"date":"2017-05-09T22:11:42","date_gmt":"2017-05-09T20:11:42","guid":{"rendered":"http:\/\/nya.ombildningskonsulterna.se\/?page_id=19"},"modified":"2025-09-17T15:28:54","modified_gmt":"2025-09-17T13:28:54","slug":"att-aga-sitt-boende","status":"publish","type":"page","link":"https:\/\/ombildningskonsulterna.se\/?page_id=19","title":{"rendered":"Att \u00e4ga sitt boende"},"content":{"rendered":"<div>\n<p>Hundratusentals hyresg\u00e4ster i hela Sverige har valt att bilda bostadsr\u00e4ttsf\u00f6reningar och k\u00f6pa fastigheten de bor i. F\u00f6r de allra flesta har ombildningen till bostadsr\u00e4tt inneburit m\u00e5nga och stora f\u00f6rdelar.N\u00e4r du bor i en bostadsr\u00e4tt \u00e4r du ocks\u00e5 medlem i en bostadsr\u00e4ttsf\u00f6r\u00adening, som \u00e4r en ekonomisk f\u00f6rening. Det \u00e4r f\u00f6reningen, d v s ni tillsammans, som \u00e4ger fastigheten. Du \u00e4r bostadsr\u00e4ttshavare och har obegr\u00e4nsad nyttjander\u00e4tt till din l\u00e4genhet. Du best\u00e4mmer allts\u00e5 sj\u00e4lv om och n\u00e4r l\u00e4genheten skall renoveras. Du kan s\u00e4lja din l\u00e4genhet n\u00e4r du vill och till det pris du kan f\u00e5 ut f\u00f6r den. Alla bostadsr\u00e4ttsf\u00f6rening\u00adens medlemmar delar p\u00e5 ansvaret f\u00f6r f\u00f6reningen och huset.<\/p>\n<\/div>\n<p>\n<strong>Ombildningskonsulterna<br \/>\n<\/strong>Vi p\u00e5 Ombildningskonsulterna har en v\u00e4lbepr\u00f6vad arbetsmodell f\u00f6r att ombilda befintliga hyresfastigheter till bostadsr\u00e4tter.<\/p>\n<p>L\u00e4s mer under flikarna <strong>F\u00f6rdelar<\/strong> och\u00a0<strong>Ombildning\u00a0till bostadsr\u00e4tt<\/strong>.<\/p>\n<p>&nbsp;<\/p>\n","protected":false},"excerpt":{"rendered":"<p>Hundratusentals hyresg\u00e4ster i hela Sverige har valt att bilda bostadsr\u00e4ttsf\u00f6reningar och k\u00f6pa fastigheten de bor i. F\u00f6r de allra flesta har ombildningen till bostadsr\u00e4tt inneburit m\u00e5nga och stora f\u00f6rdelar.N\u00e4r du bor i en bostadsr\u00e4tt \u00e4r du ocks\u00e5 medlem i en bostadsr\u00e4ttsf\u00f6r\u00adening, som \u00e4r en ekonomisk f\u00f6rening. Det \u00e4r f\u00f6reningen, d [&hellip;]<\/p>\n","protected":false},"author":1,"featured_media":177,"parent":0,"menu_order":0,"comment_status":"closed","ping_status":"closed","template":"","meta":{"footnotes":""},"class_list":["post-19","page","type-page","status-publish","has-post-thumbnail","hentry"],"_links":{"self":[{"href":"https:\/\/ombildningskonsulterna.se\/index.php?rest_route=\/wp\/v2\/pages\/19","targetHints":{"allow":["GET"]}}],"collection":[{"href":"https:\/\/ombildningskonsulterna.se\/index.php?rest_route=\/wp\/v2\/pages"}],"about":[{"href":"https:\/\/ombildningskonsulterna.se\/index.php?rest_route=\/wp\/v2\/types\/page"}],"author":[{"embeddable":true,"href":"https:\/\/ombildningskonsulterna.se\/index.php?rest_route=\/wp\/v2\/users\/1"}],"replies":[{"embeddable":true,"href":"https:\/\/ombildningskonsulterna.se\/index.php?rest_route=%2Fwp%2Fv2%2Fcomments&post=19"}],"version-history":[{"count":12,"href":"https:\/\/ombildningskonsulterna.se\/index.php?rest_route=\/wp\/v2\/pages\/19\/revisions"}],"predecessor-version":[{"id":280,"href":"https:\/\/ombildningskonsulterna.se\/index.php?rest_route=\/wp\/v2\/pages\/19\/revisions\/280"}],"wp:featuredmedia":[{"embeddable":true,"href":"https:\/\/ombildningskonsulterna.se\/index.php?rest_route=\/wp\/v2\/media\/177"}],"wp:attachment":[{"href":"https:\/\/ombildningskonsulterna.se\/index.php?rest_route=%2Fwp%2Fv2%2Fmedia&parent=19"}],"curies":[{"name":"wp","href":"https:\/\/api.w.org\/{rel}","templated":true}]}}