{"id":119,"date":"2018-10-22T17:43:48","date_gmt":"2018-10-22T15:43:48","guid":{"rendered":"http:\/\/nya.ombildningskonsulterna.se\/?page_id=119"},"modified":"2024-07-01T12:57:19","modified_gmt":"2024-07-01T10:57:19","slug":"kontakta-oss","status":"publish","type":"page","link":"https:\/\/ombildningskonsulterna.se\/?page_id=119","title":{"rendered":"Kontakt"},"content":{"rendered":"<h5>Vi har kontor i Karlstad och arbetar fr\u00e4mst i mellansverige.<\/h5>\n<p><em>Kontaktpersoner:<\/em><\/p>\n<p><strong>Sofia Rydahl<\/strong><br \/>\n<strong>Tel 0705 \u2013 72 72 55<\/strong><br \/>\n<strong>E-post: <a href=\"mailto: sofia@ombildningskonsulterna.se\">sofia@ombildningskonsulterna.se<\/a><\/strong><\/p>\n<p><strong>Rickard Rydahl<\/strong><br \/>\n<strong>Tel 0730 \u2013 350 300<\/strong><br \/>\n<strong>E-post: <a href=\"mailto: rickard@ombildningskonsulterna.se\">rickard@ombildningskonsulterna.se<\/a><\/strong><\/p>\n<p><em><br \/>\nAdress:<\/em><\/p>\n<p><strong>Ombildningskonsulterna (Bostadsmakarna AB)<\/strong><br \/>\n\u00d6stra Kanalgatan 10<br \/>\n652 20 Karlstad<\/p>\n<p><strong><br \/>\nVill du veta mer om hur en ombildning skulle<br \/>\n<\/strong><strong>kunna g\u00f6ras i den fastighet du bor i?<\/strong><\/p>\n<p><strong><\/strong><strong>Skicka ett meddelande s\u00e5 kontaktar vi dig!<\/strong><\/p>\n<p>&nbsp;<\/p>\n<p><span><em><div class=\"wpforms-container wpforms-container-full\" id=\"wpforms-118\"><form id=\"wpforms-form-118\" class=\"wpforms-validate wpforms-form\" data-formid=\"118\" method=\"post\" enctype=\"multipart\/form-data\" action=\"\/index.php?rest_route=%2Fwp%2Fv2%2Fpages%2F119\" data-token=\"663b5476c15cb787e1e7190654134687\" data-token-time=\"1777376927\"><noscript class=\"wpforms-error-noscript\">Aktivera JavaScript i din webbl\u00e4sare f\u00f6r att fylla i formul\u00e4ret.<\/noscript><div class=\"wpforms-field-container\"><div id=\"wpforms-118-field_0-container\" class=\"wpforms-field wpforms-field-name\" data-field-id=\"0\"><label class=\"wpforms-field-label\" for=\"wpforms-118-field_0\">Namn <span class=\"wpforms-required-label\">*<\/span><\/label><input type=\"text\" id=\"wpforms-118-field_0\" class=\"wpforms-field-medium wpforms-field-required\" name=\"wpforms[fields][0]\" required><\/div><div id=\"wpforms-118-field_1-container\" class=\"wpforms-field wpforms-field-email\" data-field-id=\"1\"><label class=\"wpforms-field-label\" for=\"wpforms-118-field_1\">E-post <span class=\"wpforms-required-label\">*<\/span><\/label><input type=\"email\" id=\"wpforms-118-field_1\" class=\"wpforms-field-medium wpforms-field-required\" name=\"wpforms[fields][1]\" spellcheck=\"false\" required><\/div><div id=\"wpforms-118-field_2-container\" class=\"wpforms-field wpforms-field-textarea\" data-field-id=\"2\"><label class=\"wpforms-field-label\" for=\"wpforms-118-field_2\">Meddelande <span class=\"wpforms-required-label\">*<\/span><\/label><textarea id=\"wpforms-118-field_2\" class=\"wpforms-field-medium wpforms-field-required\" name=\"wpforms[fields][2]\" required><\/textarea><\/div><\/div><!-- .wpforms-field-container --><div class=\"wpforms-field wpforms-field-hp\"><label for=\"wpforms-118-field-hp\" class=\"wpforms-field-label\">Message<\/label><input type=\"text\" name=\"wpforms[hp]\" id=\"wpforms-118-field-hp\" class=\"wpforms-field-medium\"><\/div><div class=\"wpforms-submit-container\" ><input type=\"hidden\" name=\"wpforms[id]\" value=\"118\"><input type=\"hidden\" name=\"page_title\" value=\"\"><input type=\"hidden\" name=\"page_url\" value=\"https:\/\/ombildningskonsulterna.se\/index.php?rest_route=\/wp\/v2\/pages\/119\"><input type=\"hidden\" name=\"url_referer\" value=\"\"><button type=\"submit\" name=\"wpforms[submit]\" id=\"wpforms-submit-118\" class=\"wpforms-submit\" data-alt-text=\"Skickar...\" data-submit-text=\"Skicka\" aria-live=\"assertive\" value=\"wpforms-submit\">Skicka<\/button><\/div><\/form><\/div>  <!-- .wpforms-container -->:<\/em><\/span><\/p>\n","protected":false},"excerpt":{"rendered":"<p>Vi har kontor i Karlstad och arbetar fr\u00e4mst i mellansverige. Kontaktpersoner: Sofia Rydahl Tel 0705 \u2013 72 72 55 E-post: sofia@ombildningskonsulterna.se Rickard Rydahl Tel 0730 \u2013 350 300 E-post: rickard@ombildningskonsulterna.se Adress: Ombildningskonsulterna (Bostadsmakarna AB) \u00d6stra Kanalgatan 10 652 20 Karlstad Vill du veta mer om hur en ombildning skulle kunna [&hellip;]<\/p>\n","protected":false},"author":2,"featured_media":181,"parent":0,"menu_order":0,"comment_status":"closed","ping_status":"closed","template":"","meta":{"footnotes":""},"class_list":["post-119","page","type-page","status-publish","has-post-thumbnail","hentry"],"_links":{"self":[{"href":"https:\/\/ombildningskonsulterna.se\/index.php?rest_route=\/wp\/v2\/pages\/119","targetHints":{"allow":["GET"]}}],"collection":[{"href":"https:\/\/ombildningskonsulterna.se\/index.php?rest_route=\/wp\/v2\/pages"}],"about":[{"href":"https:\/\/ombildningskonsulterna.se\/index.php?rest_route=\/wp\/v2\/types\/page"}],"author":[{"embeddable":true,"href":"https:\/\/ombildningskonsulterna.se\/index.php?rest_route=\/wp\/v2\/users\/2"}],"replies":[{"embeddable":true,"href":"https:\/\/ombildningskonsulterna.se\/index.php?rest_route=%2Fwp%2Fv2%2Fcomments&post=119"}],"version-history":[{"count":12,"href":"https:\/\/ombildningskonsulterna.se\/index.php?rest_route=\/wp\/v2\/pages\/119\/revisions"}],"predecessor-version":[{"id":275,"href":"https:\/\/ombildningskonsulterna.se\/index.php?rest_route=\/wp\/v2\/pages\/119\/revisions\/275"}],"wp:featuredmedia":[{"embeddable":true,"href":"https:\/\/ombildningskonsulterna.se\/index.php?rest_route=\/wp\/v2\/media\/181"}],"wp:attachment":[{"href":"https:\/\/ombildningskonsulterna.se\/index.php?rest_route=%2Fwp%2Fv2%2Fmedia&parent=119"}],"curies":[{"name":"wp","href":"https:\/\/api.w.org\/{rel}","templated":true}]}}